{"id":2829,"date":"2020-06-04T19:07:56","date_gmt":"2020-06-04T17:07:56","guid":{"rendered":"http:\/\/classafrik.fr\/?page_id=2829"},"modified":"2020-06-08T19:10:28","modified_gmt":"2020-06-08T17:10:28","slug":"zones-de-livraison","status":"publish","type":"page","link":"https:\/\/classafrik.fr\/?page_id=2829","title":{"rendered":"Zones de Livraison"},"content":{"rendered":"<p><section class=\"kc-elm kc-css-287556 kc_row\"><div class=\"kc-row-container  kc-container\"><div class=\"kc-wrap-columns\"><div class=\"kc-elm kc-css-739387 kc_col-sm-12 kc_column kc_col-sm-12\"><div class=\"kc-col-container\"><div class=\"kc-elm kc-css-844066\" style=\"height: 50px; clear: both; width:100%;\"><\/div><\/div><\/div><\/div><\/div><\/section><section class=\"kc-elm kc-css-641979 kc_row\"><div class=\"kc-row-container  kc-container\"><div class=\"kc-wrap-columns\"><div class=\"kc-elm kc-css-978903 kc_col-sm-12 kc_column kc_col-sm-12\"><div class=\"kc-col-container\"><div class=\"kc-elm kc-css-680096 kc_text_block\"><\/p>\n<h1><strong>Si vous n&#039;\u00eates pas dans la zone de livraison n&#039;h\u00e9sitez pas \u00e0 nous contacter par t\u00e9l\u00e9phone au 06.19.76.70.90<\/strong><\/h1>\n<p>\n<\/div><div class=\"kc-elm kc-css-422323 kc_text_block\"><\/p>\n<h1><strong>Zone de livraison :<\/strong><\/h1>\n<p>\n<\/div><div class=\"kc-elm kc-css-936776\" style=\"height: 20px; clear: both; width:100%;\"><\/div><\/div><\/div><\/div><\/div><\/section><section class=\"kc-elm kc-css-31924 kc_row\"><div class=\"kc-row-container  kc-container\"><div class=\"kc-wrap-columns\"><div class=\"kc-elm kc-css-479855 kc_col-sm-3 kc_column kc_col-sm-3\"><div class=\"kc-col-container\"><div class=\"kc-elm kc-css-557450 kc_text_block\"><\/p>\n<ul>\n<li><strong><span class=\"has-inline-color has-very-dark-gray-color\">Colombes<\/span><\/strong><\/li>\n<li><strong><span class=\"has-inline-color has-very-dark-gray-color\">Courbevoie<\/span><\/strong><\/li>\n<li><strong><span class=\"has-inline-color has-very-dark-gray-color\">Bois-Colombes\u00a0<\/span><\/strong><\/li>\n<li><strong><span class=\"has-inline-color has-very-dark-gray-color\">Garenne-Colombes<\/span><\/strong><\/li>\n<\/ul>\n<p>\n<\/div><\/div><\/div><div class=\"kc-elm kc-css-341495 kc_col-sm-3 kc_column kc_col-sm-3\"><div class=\"kc-col-container\"><div class=\"kc-elm kc-css-709461 kc_text_block\"><\/p>\n<ul>\n<li><strong><span class=\"has-inline-color has-very-dark-gray-color\">Puteaux\u00a0<\/span><\/strong><\/li>\n<li><strong><span class=\"has-inline-color has-very-dark-gray-color\">Nanterre\u00a0<\/span><\/strong><\/li>\n<li><strong><span class=\"has-inline-color has-very-dark-gray-color\">Suresnes\u00a0<\/span><\/strong><\/li>\n<li><strong><span class=\"has-inline-color has-very-dark-gray-color\">Rueil-Malmaison\u00a0<\/span><\/strong><\/li>\n<\/ul>\n<p>\n<\/div><\/div><\/div><div class=\"kc-elm kc-css-287213 kc_col-sm-3 kc_column kc_col-sm-3\"><div class=\"kc-col-container\"><div class=\"kc-elm kc-css-975979 kc_text_block\"><\/p>\n<ul>\n<li><strong><span class=\"has-inline-color has-very-dark-gray-color\">Clichy\u00a0\u00a0<\/span><\/strong><\/li>\n<li><strong><span class=\"has-inline-color has-very-dark-gray-color\">Levallois-Perret\u00a0<\/span><\/strong><\/li>\n<li><strong><span class=\"has-inline-color has-very-dark-gray-color\">Neuilly-sur-Seine<\/span><\/strong><\/li>\n<li><strong><span class=\"has-inline-color has-very-dark-gray-color\">Asni\u00e8res-sur-Seine\u00a0<\/span><\/strong><\/li>\n<\/ul>\n<p>\n<\/div><\/div><\/div><div class=\"kc-elm kc-css-231534 kc_col-sm-3 kc_column kc_col-sm-3\"><div class=\"kc-col-container\"><div class=\"kc-elm kc-css-336722 kc_text_block\"><\/p>\n<ul>\n<li><strong><span class=\"has-inline-color has-very-dark-gray-color\"> Bezons\u00a0<\/span><\/strong><\/li>\n<li><strong><span class=\"has-inline-color has-very-dark-gray-color\">Argenteuil\u00a0<\/span><\/strong><\/li>\n<li><strong><span class=\"has-inline-color has-very-dark-gray-color\">Gennevilliers\u00a0<\/span><\/strong><\/li>\n<li><strong><span class=\"has-inline-color has-very-dark-gray-color\">Villeneuve-la-Garenne\u00a0<\/span><\/strong><\/li>\n<\/ul>\n<p>\n<\/div><\/div><\/div><\/div><\/div><\/section><section class=\"kc-elm kc-css-581455 kc_row\"><div class=\"kc-row-container  kc-container\"><div class=\"kc-wrap-columns\"><div class=\"kc-elm kc-css-767681 kc_col-sm-12 kc_column kc_col-sm-12\"><div class=\"kc-col-container\"><div class=\"kc-elm kc-css-531864\" style=\"height: 70px; clear: both; width:100%;\"><\/div><div class=\"kc-elm kc-css-971856 kc_google_maps kc_shortcode\"><div style=\"height: 350px\" class=\"kc-google-maps\"><iframe loading=\"lazy\" src=\"https:\/\/www.google.com\/maps\/embed?pb=!1m18!1m12!1m3!1d2622.028226552086!2d2.2428686401777864!3d48.91485446800953!2m3!1f0!2f0!3f0!3m2!1i1024!2i768!4f13.1!3m3!1m2!1s0x47e66f15e356edad%3A0xc2d969cd86d2a149!2sClass%20Afrik!5e0!3m2!1sfr!2sfr!4v1591295608446!5m2!1sfr!2sfr\" width=\"100%\" height=\"350\" frameborder=\"0\" style=\"border:0;\" allowfullscreen=\"\" aria-hidden=\"false\" tabindex=\"0\"><\/iframe><\/div><\/div><div class=\"kc-elm kc-css-670562\" style=\"height: 66px; clear: both; width:100%;\"><\/div><\/div><\/div><\/div><\/div><\/section><\/p>\n","protected":false},"excerpt":{"rendered":"","protected":false},"author":1,"featured_media":0,"parent":0,"menu_order":0,"comment_status":"closed","ping_status":"closed","template":"","meta":{"footnotes":""},"_links":{"self":[{"href":"https:\/\/classafrik.fr\/index.php?rest_route=\/wp\/v2\/pages\/2829"}],"collection":[{"href":"https:\/\/classafrik.fr\/index.php?rest_route=\/wp\/v2\/pages"}],"about":[{"href":"https:\/\/classafrik.fr\/index.php?rest_route=\/wp\/v2\/types\/page"}],"author":[{"embeddable":true,"href":"https:\/\/classafrik.fr\/index.php?rest_route=\/wp\/v2\/users\/1"}],"replies":[{"embeddable":true,"href":"https:\/\/classafrik.fr\/index.php?rest_route=%2Fwp%2Fv2%2Fcomments&post=2829"}],"version-history":[{"count":19,"href":"https:\/\/classafrik.fr\/index.php?rest_route=\/wp\/v2\/pages\/2829\/revisions"}],"predecessor-version":[{"id":2836,"href":"https:\/\/classafrik.fr\/index.php?rest_route=\/wp\/v2\/pages\/2829\/revisions\/2836"}],"wp:attachment":[{"href":"https:\/\/classafrik.fr\/index.php?rest_route=%2Fwp%2Fv2%2Fmedia&parent=2829"}],"curies":[{"name":"wp","href":"https:\/\/api.w.org\/{rel}","templated":true}]}}